{"id":2,"date":"2025-12-19T16:13:00","date_gmt":"2025-12-19T13:13:00","guid":{"rendered":"http:\/\/bhnklima.com.tr\/?page_id=2"},"modified":"2026-02-12T12:09:51","modified_gmt":"2026-02-12T09:09:51","slug":"bhn","status":"publish","type":"page","link":"https:\/\/bhnklima.com.tr\/index.php\/bhn\/","title":{"rendered":"BHN \u0130KL\u0130MLEND\u0130RME"},"content":{"rendered":"\n<p>Bhn \u0130klimlendirme 2025 y\u0131l\u0131nda sekt\u00f6re giri\u015f yapm\u0131\u015ft\u0131r. Bhn \u0130klimlendirme Samsung Klima yetkili bayisidir.<\/p>\n\n\n<div class=\"wp-block-image\">\n<figure class=\"aligncenter size-full\"><img loading=\"lazy\" decoding=\"async\" width=\"360\" height=\"360\" src=\"https:\/\/bhnklima.com.tr\/wp-content\/uploads\/2026\/02\/png-transparent-samsung-electronics-samsung-galaxy-samsung-logo-text-logo-black-thumbnail.png\" alt=\"\" class=\"wp-image-32\" srcset=\"https:\/\/bhnklima.com.tr\/wp-content\/uploads\/2026\/02\/png-transparent-samsung-electronics-samsung-galaxy-samsung-logo-text-logo-black-thumbnail.png 360w, https:\/\/bhnklima.com.tr\/wp-content\/uploads\/2026\/02\/png-transparent-samsung-electronics-samsung-galaxy-samsung-logo-text-logo-black-thumbnail-300x300.png 300w, https:\/\/bhnklima.com.tr\/wp-content\/uploads\/2026\/02\/png-transparent-samsung-electronics-samsung-galaxy-samsung-logo-text-logo-black-thumbnail-150x150.png 150w, https:\/\/bhnklima.com.tr\/wp-content\/uploads\/2026\/02\/png-transparent-samsung-electronics-samsung-galaxy-samsung-logo-text-logo-black-thumbnail-60x60.png 60w\" sizes=\"auto, (max-width: 360px) 100vw, 360px\" \/><\/figure>\n<\/div>\n\n\n<figure class=\"wp-block-image size-large\"><img loading=\"lazy\" decoding=\"async\" width=\"1024\" height=\"547\" src=\"https:\/\/bhnklima.com.tr\/wp-content\/uploads\/2026\/02\/WhatsApp-Image-2026-02-04-at-14.41.22-1024x547.jpeg\" alt=\"\" class=\"wp-image-22\" srcset=\"https:\/\/bhnklima.com.tr\/wp-content\/uploads\/2026\/02\/WhatsApp-Image-2026-02-04-at-14.41.22-1024x547.jpeg 1024w, https:\/\/bhnklima.com.tr\/wp-content\/uploads\/2026\/02\/WhatsApp-Image-2026-02-04-at-14.41.22-300x160.jpeg 300w, https:\/\/bhnklima.com.tr\/wp-content\/uploads\/2026\/02\/WhatsApp-Image-2026-02-04-at-14.41.22-768x410.jpeg 768w, https:\/\/bhnklima.com.tr\/wp-content\/uploads\/2026\/02\/WhatsApp-Image-2026-02-04-at-14.41.22-1536x820.jpeg 1536w, https:\/\/bhnklima.com.tr\/wp-content\/uploads\/2026\/02\/WhatsApp-Image-2026-02-04-at-14.41.22.jpeg 1600w\" sizes=\"auto, (max-width: 1024px) 100vw, 1024px\" \/><\/figure>\n","protected":false},"excerpt":{"rendered":"<p>Bhn \u0130klimlendirme 2025 y\u0131l\u0131nda sekt\u00f6re giri\u015f yapm\u0131\u015ft\u0131r. Bhn \u0130klimlendirme Samsung Klima yetkili bayisidir.<\/p>\n","protected":false},"author":1,"featured_media":0,"parent":0,"menu_order":0,"comment_status":"closed","ping_status":"closed","template":"","meta":{"footnotes":""},"class_list":["post-2","page","type-page","status-publish","hentry"],"_links":{"self":[{"href":"https:\/\/bhnklima.com.tr\/index.php\/wp-json\/wp\/v2\/pages\/2","targetHints":{"allow":["GET"]}}],"collection":[{"href":"https:\/\/bhnklima.com.tr\/index.php\/wp-json\/wp\/v2\/pages"}],"about":[{"href":"https:\/\/bhnklima.com.tr\/index.php\/wp-json\/wp\/v2\/types\/page"}],"author":[{"embeddable":true,"href":"https:\/\/bhnklima.com.tr\/index.php\/wp-json\/wp\/v2\/users\/1"}],"replies":[{"embeddable":true,"href":"https:\/\/bhnklima.com.tr\/index.php\/wp-json\/wp\/v2\/comments?post=2"}],"version-history":[{"count":7,"href":"https:\/\/bhnklima.com.tr\/index.php\/wp-json\/wp\/v2\/pages\/2\/revisions"}],"predecessor-version":[{"id":34,"href":"https:\/\/bhnklima.com.tr\/index.php\/wp-json\/wp\/v2\/pages\/2\/revisions\/34"}],"wp:attachment":[{"href":"https:\/\/bhnklima.com.tr\/index.php\/wp-json\/wp\/v2\/media?parent=2"}],"curies":[{"name":"wp","href":"https:\/\/api.w.org\/{rel}","templated":true}]}}